{"id":37,"date":"2017-09-26T13:43:17","date_gmt":"2017-09-26T11:43:17","guid":{"rendered":"http:\/\/rollenspielagentur.dev\/?page_id=37"},"modified":"2025-01-17T15:09:52","modified_gmt":"2025-01-17T14:09:52","slug":"videoproduktion-business-rollenspiel-agentur","status":"publish","type":"page","link":"https:\/\/www.businessrollenspielagentur.de\/en\/videoproduktion-business-rollenspiel-agentur\/","title":{"rendered":"Video-Production"},"content":{"rendered":"<p><\/p>\n<h2>Co-Creation &#8211; we are perfect partners for your projects!<\/h2>\n<p>With our continuous production of video tutorials, digital learning tools and content material we can help you meet all your day-to-day challenges. For over 20 years now we are firm believers in the value of \u201eco-creation\u201c and that good solutions are the result of a positive exchange between us and our competent partners and clients. Our key asset: we are well versed with all the challenges faced by today\u00b4s Human Resource Management.<\/p>\n<h2>We have the roleplayers and the know-how for the production of videos in the People and Organisation sector!<\/h2>\n<p><strong>observer training:<\/strong> for our clients we create videos showcasing the communication scenarios agreed upon, designed to illustrate and train observers in interviewing procedures and assessment centers.<\/p>\n<p><strong>user generated content:<\/strong> why not let your own employees create learning videos? Thereby an application needs only be explained once \u2013 properly recorded and uploaded to your company\u2019s own learning platform your team is quickly brought up to the latest state of affairs. You can\u2019t get more efficient in creating content. We\u2019ll provide you with the necessary advice on how best to prepare the targeted input and offer technical support for the recording as well as the editing. We also bring in our role players as \u201cstand-in\u201d actors if people cannot be drawn before the camera themselves.<\/p>\n<h2>Creating videos and digital learning support!<\/h2>\n<p>We are experienced producers with a continuous output of video tutorials and digital learning content. As partners with a similar professional expertise you can trust us with the collaborative implementation of your specific questions in the field of human resources. The accessability of both the know-how and the roleplayers offers you a range of opportunities. Let us be co-creative!<\/p>","protected":false},"excerpt":{"rendered":"<p>Co-Creation &#8211; we are perfect partners for your projects! With our continuous production of video tutorials, digital learning tools and content material we can help you meet all your day-to-day challenges. For over 20 years now we are firm believers&#8230;<br \/><a class=\"btn btn-primary\" href=\"https:\/\/www.businessrollenspielagentur.de\/en\/videoproduktion-business-rollenspiel-agentur\/\">weiterlesen<\/a><\/p>\n","protected":false},"author":1,"featured_media":0,"parent":0,"menu_order":5,"comment_status":"closed","ping_status":"closed","template":"page-boxes.php","meta":{"_acf_changed":false,"footnotes":""},"class_list":["post-37","page","type-page","status-publish","hentry"],"yoast_head":"<!-- This site is optimized with the Yoast SEO plugin v26.4 - https:\/\/yoast.com\/wordpress\/plugins\/seo\/ -->\n<title>Schauspiel und Assessment Center Rollenspiele | business.rollenspiel.agentur<\/title>\n<meta name=\"description\" content=\"Entdecken Sie unsere Videoproduktionen zur Simulation von realistischen Rollenspielen. Wir bieten ma\u00dfgeschneiderte Videos f\u00fcr Assessment Center und Trainings zur Unterst\u00fctzung Ihrer beruflichen Entwicklung.\" \/>\n<meta name=\"robots\" content=\"index, follow, max-snippet:-1, max-image-preview:large, max-video-preview:-1\" \/>\n<link rel=\"canonical\" href=\"https:\/\/www.businessrollenspielagentur.de\/videoproduktion-business-rollenspiel-agentur\/\" \/>\n<meta property=\"og:locale\" content=\"en_US\" \/>\n<meta property=\"og:type\" content=\"article\" \/>\n<meta property=\"og:title\" content=\"Schauspiel und Assessment Center Rollenspiele | business.rollenspiel.agentur\" \/>\n<meta property=\"og:description\" content=\"Entdecken Sie unsere Videoproduktionen zur Simulation von realistischen Rollenspielen. Wir bieten ma\u00dfgeschneiderte Videos f\u00fcr Assessment Center und Trainings zur Unterst\u00fctzung Ihrer beruflichen Entwicklung.\" \/>\n<meta property=\"og:url\" content=\"https:\/\/www.businessrollenspielagentur.de\/videoproduktion-business-rollenspiel-agentur\/\" \/>\n<meta property=\"og:site_name\" content=\"business.rollenspiel.agentur\" \/>\n<meta property=\"article:modified_time\" content=\"2025-01-17T14:09:52+00:00\" \/>\n<meta property=\"og:image\" content=\"https:\/\/www.businessrollenspielagentur.de\/wp-content\/uploads\/2022\/08\/bra_logo_rgb-Kopie.png\" \/>\n\t<meta property=\"og:image:width\" content=\"1230\" \/>\n\t<meta property=\"og:image:height\" content=\"174\" \/>\n\t<meta property=\"og:image:type\" content=\"image\/png\" \/>\n<meta name=\"twitter:card\" content=\"summary_large_image\" \/>\n<meta name=\"twitter:label1\" content=\"Est. reading time\" \/>\n\t<meta name=\"twitter:data1\" content=\"2 minutes\" \/>\n<script type=\"application\/ld+json\" class=\"yoast-schema-graph\">{\"@context\":\"https:\/\/schema.org\",\"@graph\":[{\"@type\":\"WebPage\",\"@id\":\"https:\/\/www.businessrollenspielagentur.de\/videoproduktion-business-rollenspiel-agentur\/\",\"url\":\"https:\/\/www.businessrollenspielagentur.de\/videoproduktion-business-rollenspiel-agentur\/\",\"name\":\"Schauspiel und Assessment Center Rollenspiele | business.rollenspiel.agentur\",\"isPartOf\":{\"@id\":\"http:\/\/www.businessrollenspielagentur.de\/#website\"},\"datePublished\":\"2017-09-26T11:43:17+00:00\",\"dateModified\":\"2025-01-17T14:09:52+00:00\",\"description\":\"Entdecken Sie unsere Videoproduktionen zur Simulation von realistischen Rollenspielen. Wir bieten ma\u00dfgeschneiderte Videos f\u00fcr Assessment Center und Trainings zur Unterst\u00fctzung Ihrer beruflichen Entwicklung.\",\"breadcrumb\":{\"@id\":\"https:\/\/www.businessrollenspielagentur.de\/videoproduktion-business-rollenspiel-agentur\/#breadcrumb\"},\"inLanguage\":\"en-US\",\"potentialAction\":[{\"@type\":\"ReadAction\",\"target\":[\"https:\/\/www.businessrollenspielagentur.de\/videoproduktion-business-rollenspiel-agentur\/\"]}]},{\"@type\":\"BreadcrumbList\",\"@id\":\"https:\/\/www.businessrollenspielagentur.de\/videoproduktion-business-rollenspiel-agentur\/#breadcrumb\",\"itemListElement\":[{\"@type\":\"ListItem\",\"position\":1,\"name\":\"Startseite\",\"item\":\"https:\/\/www.businessrollenspielagentur.de\/\"},{\"@type\":\"ListItem\",\"position\":2,\"name\":\"Videoproduktion\"}]},{\"@type\":\"WebSite\",\"@id\":\"http:\/\/www.businessrollenspielagentur.de\/#website\",\"url\":\"http:\/\/www.businessrollenspielagentur.de\/\",\"name\":\"business.rollenspiel.agentur\",\"description\":\"Die business.rollenspiel.agentur bietet seit 2003 ausgebildete Rollenspieler zum Einsatz im Assessment-Center und in Seminaren an.\",\"publisher\":{\"@id\":\"http:\/\/www.businessrollenspielagentur.de\/#organization\"},\"potentialAction\":[{\"@type\":\"SearchAction\",\"target\":{\"@type\":\"EntryPoint\",\"urlTemplate\":\"http:\/\/www.businessrollenspielagentur.de\/?s={search_term_string}\"},\"query-input\":{\"@type\":\"PropertyValueSpecification\",\"valueRequired\":true,\"valueName\":\"search_term_string\"}}],\"inLanguage\":\"en-US\"},{\"@type\":\"Organization\",\"@id\":\"http:\/\/www.businessrollenspielagentur.de\/#organization\",\"name\":\"business.rollenspiel.agentur\",\"url\":\"http:\/\/www.businessrollenspielagentur.de\/\",\"logo\":{\"@type\":\"ImageObject\",\"inLanguage\":\"en-US\",\"@id\":\"http:\/\/www.businessrollenspielagentur.de\/#\/schema\/logo\/image\/\",\"url\":\"https:\/\/www.businessrollenspielagentur.de\/wp-content\/uploads\/2022\/08\/bra_logo_rgb-Kopie.png\",\"contentUrl\":\"https:\/\/www.businessrollenspielagentur.de\/wp-content\/uploads\/2022\/08\/bra_logo_rgb-Kopie.png\",\"width\":1230,\"height\":174,\"caption\":\"business.rollenspiel.agentur\"},\"image\":{\"@id\":\"http:\/\/www.businessrollenspielagentur.de\/#\/schema\/logo\/image\/\"}}]}<\/script>\n<!-- \/ Yoast SEO plugin. -->","yoast_head_json":{"title":"Schauspiel und Assessment Center Rollenspiele | business.rollenspiel.agentur","description":"Entdecken Sie unsere Videoproduktionen zur Simulation von realistischen Rollenspielen. Wir bieten ma\u00dfgeschneiderte Videos f\u00fcr Assessment Center und Trainings zur Unterst\u00fctzung Ihrer beruflichen Entwicklung.","robots":{"index":"index","follow":"follow","max-snippet":"max-snippet:-1","max-image-preview":"max-image-preview:large","max-video-preview":"max-video-preview:-1"},"canonical":"https:\/\/www.businessrollenspielagentur.de\/videoproduktion-business-rollenspiel-agentur\/","og_locale":"en_US","og_type":"article","og_title":"Schauspiel und Assessment Center Rollenspiele | business.rollenspiel.agentur","og_description":"Entdecken Sie unsere Videoproduktionen zur Simulation von realistischen Rollenspielen. Wir bieten ma\u00dfgeschneiderte Videos f\u00fcr Assessment Center und Trainings zur Unterst\u00fctzung Ihrer beruflichen Entwicklung.","og_url":"https:\/\/www.businessrollenspielagentur.de\/videoproduktion-business-rollenspiel-agentur\/","og_site_name":"business.rollenspiel.agentur","article_modified_time":"2025-01-17T14:09:52+00:00","og_image":[{"width":1230,"height":174,"url":"https:\/\/www.businessrollenspielagentur.de\/wp-content\/uploads\/2022\/08\/bra_logo_rgb-Kopie.png","type":"image\/png"}],"twitter_card":"summary_large_image","twitter_misc":{"Est. reading time":"2 minutes"},"schema":{"@context":"https:\/\/schema.org","@graph":[{"@type":"WebPage","@id":"https:\/\/www.businessrollenspielagentur.de\/videoproduktion-business-rollenspiel-agentur\/","url":"https:\/\/www.businessrollenspielagentur.de\/videoproduktion-business-rollenspiel-agentur\/","name":"Schauspiel und Assessment Center Rollenspiele | business.rollenspiel.agentur","isPartOf":{"@id":"http:\/\/www.businessrollenspielagentur.de\/#website"},"datePublished":"2017-09-26T11:43:17+00:00","dateModified":"2025-01-17T14:09:52+00:00","description":"Entdecken Sie unsere Videoproduktionen zur Simulation von realistischen Rollenspielen. Wir bieten ma\u00dfgeschneiderte Videos f\u00fcr Assessment Center und Trainings zur Unterst\u00fctzung Ihrer beruflichen Entwicklung.","breadcrumb":{"@id":"https:\/\/www.businessrollenspielagentur.de\/videoproduktion-business-rollenspiel-agentur\/#breadcrumb"},"inLanguage":"en-US","potentialAction":[{"@type":"ReadAction","target":["https:\/\/www.businessrollenspielagentur.de\/videoproduktion-business-rollenspiel-agentur\/"]}]},{"@type":"BreadcrumbList","@id":"https:\/\/www.businessrollenspielagentur.de\/videoproduktion-business-rollenspiel-agentur\/#breadcrumb","itemListElement":[{"@type":"ListItem","position":1,"name":"Startseite","item":"https:\/\/www.businessrollenspielagentur.de\/"},{"@type":"ListItem","position":2,"name":"Videoproduktion"}]},{"@type":"WebSite","@id":"http:\/\/www.businessrollenspielagentur.de\/#website","url":"http:\/\/www.businessrollenspielagentur.de\/","name":"business.rollenspiel.agentur","description":"Die business.rollenspiel.agentur bietet seit 2003 ausgebildete Rollenspieler zum Einsatz im Assessment-Center und in Seminaren an.","publisher":{"@id":"http:\/\/www.businessrollenspielagentur.de\/#organization"},"potentialAction":[{"@type":"SearchAction","target":{"@type":"EntryPoint","urlTemplate":"http:\/\/www.businessrollenspielagentur.de\/?s={search_term_string}"},"query-input":{"@type":"PropertyValueSpecification","valueRequired":true,"valueName":"search_term_string"}}],"inLanguage":"en-US"},{"@type":"Organization","@id":"http:\/\/www.businessrollenspielagentur.de\/#organization","name":"business.rollenspiel.agentur","url":"http:\/\/www.businessrollenspielagentur.de\/","logo":{"@type":"ImageObject","inLanguage":"en-US","@id":"http:\/\/www.businessrollenspielagentur.de\/#\/schema\/logo\/image\/","url":"https:\/\/www.businessrollenspielagentur.de\/wp-content\/uploads\/2022\/08\/bra_logo_rgb-Kopie.png","contentUrl":"https:\/\/www.businessrollenspielagentur.de\/wp-content\/uploads\/2022\/08\/bra_logo_rgb-Kopie.png","width":1230,"height":174,"caption":"business.rollenspiel.agentur"},"image":{"@id":"http:\/\/www.businessrollenspielagentur.de\/#\/schema\/logo\/image\/"}}]}},"acf":[],"_links":{"self":[{"href":"https:\/\/www.businessrollenspielagentur.de\/en\/wp-json\/wp\/v2\/pages\/37","targetHints":{"allow":["GET"]}}],"collection":[{"href":"https:\/\/www.businessrollenspielagentur.de\/en\/wp-json\/wp\/v2\/pages"}],"about":[{"href":"https:\/\/www.businessrollenspielagentur.de\/en\/wp-json\/wp\/v2\/types\/page"}],"author":[{"embeddable":true,"href":"https:\/\/www.businessrollenspielagentur.de\/en\/wp-json\/wp\/v2\/users\/1"}],"replies":[{"embeddable":true,"href":"https:\/\/www.businessrollenspielagentur.de\/en\/wp-json\/wp\/v2\/comments?post=37"}],"version-history":[{"count":168,"href":"https:\/\/www.businessrollenspielagentur.de\/en\/wp-json\/wp\/v2\/pages\/37\/revisions"}],"predecessor-version":[{"id":1116,"href":"https:\/\/www.businessrollenspielagentur.de\/en\/wp-json\/wp\/v2\/pages\/37\/revisions\/1116"}],"wp:attachment":[{"href":"https:\/\/www.businessrollenspielagentur.de\/en\/wp-json\/wp\/v2\/media?parent=37"}],"curies":[{"name":"wp","href":"https:\/\/api.w.org\/{rel}","templated":true}]}}